{"id":9264,"date":"2021-06-08T13:27:49","date_gmt":"2021-06-08T13:27:49","guid":{"rendered":"https:\/\/acso.eu\/?page_id=9264"},"modified":"2024-11-14T20:22:05","modified_gmt":"2024-11-14T20:22:05","slug":"cookies","status":"publish","type":"page","link":"https:\/\/acso.eu\/en\/cookies\/","title":{"rendered":"Cookies"},"content":{"rendered":"<section class=\"wpb-content-wrapper\">[vc_row][vc_column][vc_column_text]<span style=\"font-weight: 400;\">We use cookies and similar tracking technologies to track activity on our service and store certain information. The tracking technologies used are beacons, beacons and scripts to collect and track information and to improve and analyze our service. The technologies we use may include:<\/span><\/p>\n<p><span style=\"font-weight: 400;\">A cookie is a small file placed on your device. You can ask your browser to refuse all cookies or to notify you when a cookie is being sent. However, if you do not accept cookies, you may not be able to use certain parts of our Service. Unless you have adjusted your browser settings to refuse cookies, our Service may use cookies.<\/span><\/p>\n<h4>Cookies can be &#8220;persistent&#8221; or &#8220;session&#8221; cookies.<\/h4>\n<p><span style=\"font-weight: 400;\">Persistent cookies remain on your personal computer or mobile device when you log out, while session cookies are deleted as soon as you close your web browser.<\/span><\/p>\n<h4>How to modify your Cookies preferences from your browser?<\/h4>\n<p>You can change your cookie preferences at any time by clicking on the \u201cCookie Settings\u201d button at the bottom right of your screen. This will allow you to review the cookie consent banner and change your preferences or withdraw your consent immediately.<\/p>\n<p>In addition, most browsers offer different methods to block and delete cookies used by websites. You can change your browser settings to block \/ delete cookies. Below are links to support documents on managing and deleting cookies from major web browsers.<\/p>\n<ul>\n<li style=\"list-style-type: none;\">\n<ol>Chrome: https:\/\/support.google.com\/accounts\/answer\/32050<\/ol>\n<\/li>\n<li style=\"list-style-type: none;\">\n<ol>Safari: https:\/\/support.apple.com\/en-in\/guide\/safari\/sfri11471\/mac<\/ol>\n<\/li>\n<li style=\"list-style-type: none;\">\n<ol>Firefox: https:\/\/support.mozilla.org\/en-US\/kb\/clear-cookies-and-site-data-firefox?redirectslug=delete-cookies-remove-info-websites-stored&amp;redirectlocale=en-US<\/ol>\n<\/li>\n<li style=\"list-style-type: none;\">\n<ol>Internet Explorer: https:\/\/support.microsoft.com\/en-us\/topic\/how-to-delete-cookie-files-in-internet-explorer-bca9446f-d873-78de-77ba-d42645fa52fc<\/ol>\n<\/li>\n<\/ul>\n<p>If you use another browser, we invite you to consult its official documentation.<\/p>\n<h4>How to modify your Cookie preferences from our website?<\/h4>\n<p>We invite you to consult the popup displayed at the footer of our site. You can choose to accept or decline cookies with a single click. By clicking on &#8220;Settings&#8221; you can select the cookies you want to activate. You can at any time while browsing our site decide to change your cookie preferences by deleting all your cookies through your browser so the cookies popup will show up agin.<\/p>\n<h4>The cookies we use:<\/h4>\n<p>The cookies we use are detailed below:<\/p>\n<div class=\"cky-audit-table-element\"><\/div>\n[\/vc_column_text][\/vc_column][\/vc_row]\n<\/section>","protected":false},"excerpt":{"rendered":"<p>[vc_row][vc_column][vc_column_text]We use cookies and similar tracking technologies to track activity on our service and store certain information. The tracking technologies used are beacons, beacons and scripts to collect and track information and to improve and analyze our service. The technologies we use may include: A cookie is a small file placed on your device. You can ask your browser to &#8230; <\/p>\n<div><a href=\"https:\/\/acso.eu\/en\/cookies\/\" class=\"more-link\">Read More<\/a><\/div>\n","protected":false},"author":1,"featured_media":0,"parent":0,"menu_order":0,"comment_status":"closed","ping_status":"closed","template":"template-layout-full-width.php","meta":[],"yoast_head":"<!-- This site is optimized with the Yoast SEO plugin v20.8 - https:\/\/yoast.com\/wordpress\/plugins\/seo\/ -->\n<title>ACSO : offre de formation digitale<\/title>\n<meta name=\"description\" content=\"ACSO propose des modules de formations sur mesure pour prendre en main les nouveaux outils digitaux : wordpress, prestashop, e-reputation, facebook, instagram, youtube,... apprenez \u00e0 ma\u00eetriser ces outils - d\u00e9couvrez notre offre\" \/>\n<meta name=\"robots\" content=\"index, follow, max-snippet:-1, max-image-preview:large, max-video-preview:-1\" \/>\n<link rel=\"canonical\" href=\"https:\/\/acso.eu\/en\/cookies\/\" \/>\n<meta property=\"og:locale\" content=\"en_US\" \/>\n<meta property=\"og:type\" content=\"article\" \/>\n<meta property=\"og:title\" content=\"ACSO : offre de formation digitale\" \/>\n<meta property=\"og:description\" content=\"ACSO propose des modules de formations sur mesure pour prendre en main les nouveaux outils digitaux : wordpress, prestashop, e-reputation, facebook, instagram, youtube,... apprenez \u00e0 ma\u00eetriser ces outils - d\u00e9couvrez notre offre\" \/>\n<meta property=\"og:url\" content=\"https:\/\/acso.eu\/en\/cookies\/\" \/>\n<meta property=\"og:site_name\" content=\"ACSO\" \/>\n<meta property=\"article:modified_time\" content=\"2024-11-14T20:22:05+00:00\" \/>\n<meta name=\"twitter:label1\" content=\"Est. reading time\" \/>\n\t<meta name=\"twitter:data1\" content=\"2 minutes\" \/>\n<script type=\"application\/ld+json\" class=\"yoast-schema-graph\">{\"@context\":\"https:\/\/schema.org\",\"@graph\":[{\"@type\":\"WebPage\",\"@id\":\"https:\/\/acso.eu\/en\/cookies\/\",\"url\":\"https:\/\/acso.eu\/en\/cookies\/\",\"name\":\"ACSO : offre de formation digitale\",\"isPartOf\":{\"@id\":\"https:\/\/acso.eu\/#website\"},\"datePublished\":\"2021-06-08T13:27:49+00:00\",\"dateModified\":\"2024-11-14T20:22:05+00:00\",\"description\":\"ACSO propose des modules de formations sur mesure pour prendre en main les nouveaux outils digitaux : wordpress, prestashop, e-reputation, facebook, instagram, youtube,... apprenez \u00e0 ma\u00eetriser ces outils - d\u00e9couvrez notre offre\",\"breadcrumb\":{\"@id\":\"https:\/\/acso.eu\/en\/cookies\/#breadcrumb\"},\"inLanguage\":\"en-US\",\"potentialAction\":[{\"@type\":\"ReadAction\",\"target\":[\"https:\/\/acso.eu\/en\/cookies\/\"]}]},{\"@type\":\"BreadcrumbList\",\"@id\":\"https:\/\/acso.eu\/en\/cookies\/#breadcrumb\",\"itemListElement\":[{\"@type\":\"ListItem\",\"position\":1,\"name\":\"Home\",\"item\":\"https:\/\/acso.eu\/en\/\"},{\"@type\":\"ListItem\",\"position\":2,\"name\":\"Cookies\"}]},{\"@type\":\"WebSite\",\"@id\":\"https:\/\/acso.eu\/#website\",\"url\":\"https:\/\/acso.eu\/\",\"name\":\"ACSO\",\"description\":\"Agence de Communication Digitale\",\"potentialAction\":[{\"@type\":\"SearchAction\",\"target\":{\"@type\":\"EntryPoint\",\"urlTemplate\":\"https:\/\/acso.eu\/?s={search_term_string}\"},\"query-input\":\"required name=search_term_string\"}],\"inLanguage\":\"en-US\"}]}<\/script>\n<!-- \/ Yoast SEO plugin. -->","yoast_head_json":{"title":"ACSO : offre de formation digitale","description":"ACSO propose des modules de formations sur mesure pour prendre en main les nouveaux outils digitaux : wordpress, prestashop, e-reputation, facebook, instagram, youtube,... apprenez \u00e0 ma\u00eetriser ces outils - d\u00e9couvrez notre offre","robots":{"index":"index","follow":"follow","max-snippet":"max-snippet:-1","max-image-preview":"max-image-preview:large","max-video-preview":"max-video-preview:-1"},"canonical":"https:\/\/acso.eu\/en\/cookies\/","og_locale":"en_US","og_type":"article","og_title":"ACSO : offre de formation digitale","og_description":"ACSO propose des modules de formations sur mesure pour prendre en main les nouveaux outils digitaux : wordpress, prestashop, e-reputation, facebook, instagram, youtube,... apprenez \u00e0 ma\u00eetriser ces outils - d\u00e9couvrez notre offre","og_url":"https:\/\/acso.eu\/en\/cookies\/","og_site_name":"ACSO","article_modified_time":"2024-11-14T20:22:05+00:00","twitter_misc":{"Est. reading time":"2 minutes"},"schema":{"@context":"https:\/\/schema.org","@graph":[{"@type":"WebPage","@id":"https:\/\/acso.eu\/en\/cookies\/","url":"https:\/\/acso.eu\/en\/cookies\/","name":"ACSO : offre de formation digitale","isPartOf":{"@id":"https:\/\/acso.eu\/#website"},"datePublished":"2021-06-08T13:27:49+00:00","dateModified":"2024-11-14T20:22:05+00:00","description":"ACSO propose des modules de formations sur mesure pour prendre en main les nouveaux outils digitaux : wordpress, prestashop, e-reputation, facebook, instagram, youtube,... apprenez \u00e0 ma\u00eetriser ces outils - d\u00e9couvrez notre offre","breadcrumb":{"@id":"https:\/\/acso.eu\/en\/cookies\/#breadcrumb"},"inLanguage":"en-US","potentialAction":[{"@type":"ReadAction","target":["https:\/\/acso.eu\/en\/cookies\/"]}]},{"@type":"BreadcrumbList","@id":"https:\/\/acso.eu\/en\/cookies\/#breadcrumb","itemListElement":[{"@type":"ListItem","position":1,"name":"Home","item":"https:\/\/acso.eu\/en\/"},{"@type":"ListItem","position":2,"name":"Cookies"}]},{"@type":"WebSite","@id":"https:\/\/acso.eu\/#website","url":"https:\/\/acso.eu\/","name":"ACSO","description":"Agence de Communication Digitale","potentialAction":[{"@type":"SearchAction","target":{"@type":"EntryPoint","urlTemplate":"https:\/\/acso.eu\/?s={search_term_string}"},"query-input":"required name=search_term_string"}],"inLanguage":"en-US"}]}},"_links":{"self":[{"href":"https:\/\/acso.eu\/en\/wp-json\/wp\/v2\/pages\/9264"}],"collection":[{"href":"https:\/\/acso.eu\/en\/wp-json\/wp\/v2\/pages"}],"about":[{"href":"https:\/\/acso.eu\/en\/wp-json\/wp\/v2\/types\/page"}],"author":[{"embeddable":true,"href":"https:\/\/acso.eu\/en\/wp-json\/wp\/v2\/users\/1"}],"replies":[{"embeddable":true,"href":"https:\/\/acso.eu\/en\/wp-json\/wp\/v2\/comments?post=9264"}],"version-history":[{"count":3,"href":"https:\/\/acso.eu\/en\/wp-json\/wp\/v2\/pages\/9264\/revisions"}],"predecessor-version":[{"id":9408,"href":"https:\/\/acso.eu\/en\/wp-json\/wp\/v2\/pages\/9264\/revisions\/9408"}],"wp:attachment":[{"href":"https:\/\/acso.eu\/en\/wp-json\/wp\/v2\/media?parent=9264"}],"curies":[{"name":"wp","href":"https:\/\/api.w.org\/{rel}","templated":true}]}}